{"id":69,"date":"2018-03-07T15:29:16","date_gmt":"2018-03-07T15:29:16","guid":{"rendered":"http:\/\/umv.753.mywebsitetransfer.com\/?page_id=69"},"modified":"2025-07-18T06:29:17","modified_gmt":"2025-07-18T05:29:17","slug":"ueber-uns","status":"publish","type":"page","link":"https:\/\/its-austria.at\/?page_id=69","title":{"rendered":"\u00dcber Uns"},"content":{"rendered":"\n<style type=\"text\/css\" data-created_by=\"avia_inline_auto\" id=\"style-css-av-dxkdp-bfdd4008e4399ae971c43cedeec52a56\">\n.avia-section.av-dxkdp-bfdd4008e4399ae971c43cedeec52a56{\nbackground-repeat:no-repeat;\nbackground-image:url(https:\/\/its-austria.at\/wp-content\/uploads\/2018\/03\/banner.jpg);\nbackground-position:50% 50%;\nbackground-attachment:scroll;\n}\n<\/style>\n<div id='av_section_1'  class='avia-section av-dxkdp-bfdd4008e4399ae971c43cedeec52a56 main_color avia-section-default avia-no-border-styling  avia-builder-el-0  el_before_av_heading  avia-builder-el-first  avia-full-stretch avia-bg-style-scroll av-minimum-height av-minimum-height-25 av-height-25  container_wrap fullsize'  data-section-bg-repeat='stretch' data-av_minimum_height_pc='25' data-av_min_height_opt='25'><div class='container av-section-cont-open' ><main  role=\"main\" itemprop=\"mainContentOfPage\"  class='template-page content  av-content-full alpha units'><div class='post-entry post-entry-type-page post-entry-69'><div class='entry-content-wrapper clearfix'>\n\n<style type=\"text\/css\" data-created_by=\"avia_inline_auto\" id=\"style-css-av-dh5ep-1355290faa56508ad6b26ecc81a08119\">\n.avia-image-container.av-dh5ep-1355290faa56508ad6b26ecc81a08119 img.avia_image{\nbox-shadow:none;\n}\n.avia-image-container.av-dh5ep-1355290faa56508ad6b26ecc81a08119 .av-image-caption-overlay-center{\ncolor:#ffffff;\n}\n<\/style>\n<div  class='avia-image-container av-dh5ep-1355290faa56508ad6b26ecc81a08119 av-styling- avia-align-right  avia-builder-el-1  avia-builder-el-no-sibling '   itemprop=\"image\" itemscope=\"itemscope\" itemtype=\"https:\/\/schema.org\/ImageObject\" ><div class=\"avia-image-container-inner\"><div class=\"avia-image-overlay-wrap\"><img decoding=\"async\" fetchpriority=\"high\" class='wp-image-19 avia-img-lazy-loading-not-19 avia_image ' src=\"https:\/\/its-austria.at\/wp-content\/uploads\/2018\/03\/itsa-283x300.png\" alt='' title='itsa'  height=\"300\" width=\"283\"  itemprop=\"thumbnailUrl\" srcset=\"https:\/\/its-austria.at\/wp-content\/uploads\/2018\/03\/itsa-283x300.png 283w, https:\/\/its-austria.at\/wp-content\/uploads\/2018\/03\/itsa.png 448w\" sizes=\"(max-width: 283px) 100vw, 283px\" \/><\/div><\/div><\/div>\n<\/div><\/div><\/main><!-- close content main element --><\/div><\/div><div id='after_section_1'  class='main_color av_default_container_wrap container_wrap fullsize'  ><div class='container av-section-cont-open' ><div class='template-page content  av-content-full alpha units'><div class='post-entry post-entry-type-page post-entry-69'><div class='entry-content-wrapper clearfix'>\n\n<style type=\"text\/css\" data-created_by=\"avia_inline_auto\" id=\"style-css-av-cvufl-a54b6eff35d44fb605f76f6cd90e80aa\">\n#top .av-special-heading.av-cvufl-a54b6eff35d44fb605f76f6cd90e80aa{\npadding-bottom:10px;\n}\nbody .av-special-heading.av-cvufl-a54b6eff35d44fb605f76f6cd90e80aa .av-special-heading-tag .heading-char{\nfont-size:25px;\n}\n.av-special-heading.av-cvufl-a54b6eff35d44fb605f76f6cd90e80aa .av-subheading{\nfont-size:15px;\n}\n<\/style>\n<div  class='av-special-heading av-cvufl-a54b6eff35d44fb605f76f6cd90e80aa av-special-heading-h2  avia-builder-el-2  el_after_av_section  el_before_av_textblock  avia-builder-el-first '><h2 class='av-special-heading-tag '  itemprop=\"headline\"  >\u00dcber Uns<\/h2><div class=\"special-heading-border\"><div class=\"special-heading-inner-border\"><\/div><\/div><\/div>\n\n<style type=\"text\/css\" data-created_by=\"avia_inline_auto\" id=\"style-css-av-c9uj9-bdbb662d030debd322a4962650716e16\">\n#top .av_textblock_section.av-c9uj9-bdbb662d030debd322a4962650716e16 .avia_textblock{\nfont-size:18px;\n}\n<\/style>\n<section  class='av_textblock_section av-c9uj9-bdbb662d030debd322a4962650716e16 '   itemscope=\"itemscope\" itemtype=\"https:\/\/schema.org\/CreativeWork\" ><div class='avia_textblock'  itemprop=\"text\" ><p style=\"text-align: left;\">its &#8211; Wir sind ein IT Dienstleister, der eine gesamtheitliche betriebliche Beratung bietet. Diese dokumentiert sowohl die Einfl\u00fcsse, als auch \u00c4nderungen der innerbetrieblichen IT auf das Gesamtunternehmen.<br \/>\nUnsere St\u00e4rke liegt in der individuellen Beratung und Umsetzung, im Einklang mit Organisation und Unternehmensstruktur.<\/p>\n<p style=\"text-align: left;\">Kompetent und zuverl\u00e4ssig bedeutet f\u00fcr uns, dass wir Sie nach der Erhebung des Ist-Zustands, der Analyse und der Umsetzung unserer gemeinsamen Ausarbeitung, nicht alleine lassen.<br \/>\nWir sind f\u00fcr Sie da, sei es f\u00fcr die laufende Administration Ihres Netzwerkes, oder um Sie \u00fcber aktuelle Trends in der IT am Laufenden zu halten.<\/p>\n<\/div><\/section>\n<div  class='avia-logo-element-container av-bq36x-1aa1c9e585e59e713807f6595cca6594 av-border-deactivate avia-logo-grid avia-content-slider avia-smallarrow-slider avia-content-grid-active noHover avia-content-slider-even  avia-builder-el-4  el_after_av_textblock  el_before_av_heading  avia-content-slider1' ><div class='avia-smallarrow-slider-heading  no-logo-slider-heading '><div class='new-special-heading'>&nbsp;<\/div><\/div><div class=\"avia-content-slider-inner\"><div class=\"slide-entry-wrap\"><div  class='slide-entry av-avjt5-0e91205ba5b16fd9758fa3ecab8a062b flex_column no_margin av_one_sixth real-thumbnail post-entry slide-entry-overview slide-loop-1 slide-parity-odd  first'><span class='av-partner-fake-img' style='padding-bottom:45.909090909091%; background-image:url(https:\/\/its-austria.at\/wp-content\/uploads\/2018\/03\/HP-Business-Partner.jpg);'><\/span><\/div><div  class='slide-entry av-a6m4h-79bd33b8d0f3b422a07332ea0844a3d2 flex_column no_margin av_one_sixth real-thumbnail post-entry slide-entry-overview slide-loop-2 slide-parity-even  '><span class='av-partner-fake-img' style='padding-bottom:45.909090909091%; background-image:url(https:\/\/its-austria.at\/wp-content\/uploads\/2018\/03\/MS-Logo.jpg);'><\/span><\/div><div  class='slide-entry av-9y9fh-d8de33f630ef3f5efe71f0917f87e5d2 flex_column no_margin av_one_sixth real-thumbnail post-entry slide-entry-overview slide-loop-3 slide-parity-odd  '><span class='av-partner-fake-img' style='padding-bottom:45.909090909091%; background-image:url(https:\/\/its-austria.at\/wp-content\/uploads\/2019\/03\/cisco-select-featured.jpg);'><\/span><\/div><div  class='slide-entry av-9apl9-d7ce7d517f72dcd41a9f5dc9a3809cd3 flex_column no_margin av_one_sixth real-thumbnail post-entry slide-entry-overview slide-loop-4 slide-parity-even  '><span class='av-partner-fake-img' style='padding-bottom:45.909090909091%; background-image:url(https:\/\/its-austria.at\/wp-content\/uploads\/2019\/03\/3CX-Partner_150x126px.jpg);'><\/span><\/div><div  class='slide-entry av-8nhk1-07a879cc9a03d4c6967cd20e53c7feca flex_column no_margin av_one_sixth real-thumbnail post-entry slide-entry-overview slide-loop-5 slide-parity-odd  '><span class='av-partner-fake-img' style='padding-bottom:45.909090909091%; background-image:url(https:\/\/its-austria.at\/wp-content\/uploads\/2019\/06\/Logo_Magenta_Business.png);'><\/span><\/div><div  class='slide-entry av-kxugeut5-fc2b593f48713ab3b51903228af4dd5a flex_column no_margin av_one_sixth real-thumbnail post-entry slide-entry-overview slide-loop-6 slide-parity-even post-entry-last '><a href=\"https:\/\/wcs-veeamproducts-itsinformationstechnologieservicegmbh.swcontentsyndication.com\/VeeamProduct-Homepage-DE\" data-rel='slide-1' class='slide-image' title=''  target=\"_blank\"  rel=\"noopener noreferrer\"><span class='av-partner-fake-img' style='padding-bottom:45.909090909091%; background-image:url(https:\/\/its-austria.at\/wp-content\/uploads\/2021\/12\/Veeam.jpg);'><\/span><\/a><\/div><\/div><\/div><\/div>\n\n<style type=\"text\/css\" data-created_by=\"avia_inline_auto\" id=\"style-css-av-7vr3l-ca04e8895769d1babf3fde28a6faa5a1\">\n#top .av-special-heading.av-7vr3l-ca04e8895769d1babf3fde28a6faa5a1{\npadding-bottom:15px;\n}\nbody .av-special-heading.av-7vr3l-ca04e8895769d1babf3fde28a6faa5a1 .av-special-heading-tag .heading-char{\nfont-size:25px;\n}\n.av-special-heading.av-7vr3l-ca04e8895769d1babf3fde28a6faa5a1 .av-subheading{\nfont-size:15px;\n}\n<\/style>\n<div  class='av-special-heading av-7vr3l-ca04e8895769d1babf3fde28a6faa5a1 av-special-heading-h2  avia-builder-el-5  el_after_av_partner  el_before_av_one_full '><h2 class='av-special-heading-tag '  itemprop=\"headline\"  >So finden Sie uns<\/h2><div class=\"special-heading-border\"><div class=\"special-heading-inner-border\"><\/div><\/div><\/div>\n<div class='flex_column_table av-793ih-c952de9fbee4e832a75d734274524014 sc-av_one_full av-equal-height-column-flextable'>\n<style type=\"text\/css\" data-created_by=\"avia_inline_auto\" id=\"style-css-av-793ih-c952de9fbee4e832a75d734274524014\">\n.flex_column.av-793ih-c952de9fbee4e832a75d734274524014{\nborder-radius:0px 0px 0px 0px;\npadding:0px 0px 0px 0px;\n}\n<\/style>\n<div  class='flex_column av-793ih-c952de9fbee4e832a75d734274524014 av_one_full  avia-builder-el-6  el_after_av_heading  el_before_av_heading  first flex_column_table_cell av-equal-height-column av-align-middle av-zero-column-padding  '     ><style type=\"text\/css\" data-created_by=\"avia_inline_auto\" id=\"style-css-av-6n2ud-cf235a549271abecf63abaf8b48d4e60\">\n.avia-image-container.av-6n2ud-cf235a549271abecf63abaf8b48d4e60 img.avia_image{\nbox-shadow:none;\n}\n.avia-image-container.av-6n2ud-cf235a549271abecf63abaf8b48d4e60 .av-image-caption-overlay-center{\ncolor:#ffffff;\n}\n<\/style>\n<div  class='avia-image-container av-6n2ud-cf235a549271abecf63abaf8b48d4e60 av-styling- avia_animated_image av-animated-when-visible-95 fade-in avia-align-center  avia-builder-el-7  avia-builder-el-no-sibling '   itemprop=\"image\" itemscope=\"itemscope\" itemtype=\"https:\/\/schema.org\/ImageObject\" ><div class=\"avia-image-container-inner\"><div class=\"avia-image-overlay-wrap\"><img decoding=\"async\" fetchpriority=\"high\" class='wp-image-80 avia-img-lazy-loading-not-80 avia_image ' src=\"https:\/\/its-austria.at\/wp-content\/uploads\/2018\/03\/skizzeits_480.gif\" alt='' title='skizzeits_480'  height=\"245\" width=\"220\"  itemprop=\"thumbnailUrl\"  \/><\/div><\/div><\/div><\/div><\/div><!--close column table wrapper. Autoclose: 1 -->\n\n<style type=\"text\/css\" data-created_by=\"avia_inline_auto\" id=\"style-css-av-3pmjp-e5360f0f2d031fc0d77dcb79d4e994f4\">\n#top .av-special-heading.av-3pmjp-e5360f0f2d031fc0d77dcb79d4e994f4{\npadding-bottom:10px;\n}\nbody .av-special-heading.av-3pmjp-e5360f0f2d031fc0d77dcb79d4e994f4 .av-special-heading-tag .heading-char{\nfont-size:25px;\n}\n.av-special-heading.av-3pmjp-e5360f0f2d031fc0d77dcb79d4e994f4 .av-subheading{\nfont-size:15px;\n}\n<\/style>\n<div  class='av-special-heading av-3pmjp-e5360f0f2d031fc0d77dcb79d4e994f4 av-special-heading-h2  avia-builder-el-8  el_after_av_one_full  el_before_av_textblock '><h2 class='av-special-heading-tag '  itemprop=\"headline\"  >Impressum<\/h2><div class=\"special-heading-border\"><div class=\"special-heading-inner-border\"><\/div><\/div><\/div>\n\n<style type=\"text\/css\" data-created_by=\"avia_inline_auto\" id=\"style-css-av-3deyp-7077aede05732fc0aeec32fd6bdae7ab\">\n#top .av_textblock_section.av-3deyp-7077aede05732fc0aeec32fd6bdae7ab .avia_textblock{\nfont-size:18px;\n}\n<\/style>\n<section  class='av_textblock_section av-3deyp-7077aede05732fc0aeec32fd6bdae7ab '   itemscope=\"itemscope\" itemtype=\"https:\/\/schema.org\/CreativeWork\" ><div class='avia_textblock'  itemprop=\"text\" ><p style=\"text-align: left;\">Impressum und Offenlegung nach E-Commerce-Gesetz, Mediengesetz und Unternehmensgesetzbuch<\/p>\n<p><br class=\"\" \/><strong>F\u00fcr den Inhalt verantwortlich:<\/strong><br \/>\nITS Informationstechnologie Service GmbH<br \/>\nPaulusgasse 12, 1030 Wien<\/p>\n<p><br class=\"\" \/><strong>Gesch\u00e4ftsf\u00fchrer:<\/strong><br \/>\nAlexander Beran<\/p>\n<p><br class=\"\" \/><strong>Kammermitgliedschaft:<\/strong><br \/>\nWirtschaftskammer \u00d6sterreich<\/p>\n<p><br class=\"\" \/><strong>Fachgruppen:<\/strong><br \/>\nUnternehmensberatung, Buchhaltung und Informationstechnologie<br \/>\nHandel mit Computern und B\u00fcrosystemen<br \/>\nHandelsagenten<\/p>\n<p><br class=\"\" \/><a href=\"https:\/\/firmen.wko.at\/its-informationstechnologie-service-gmbh\/wien\/?firmaid=7a7bd5a6-a4d1-43d9-8d6b-757b57034385\"><img loading=\"lazy\" decoding=\"async\" class=\"alignleft size-full wp-image-128\" src=\"https:\/\/its-austria.at\/wp-content\/uploads\/2018\/03\/logo-wko-1.png\" alt=\"\" width=\"192\" height=\"46\" \/><\/a><\/p>\n<\/div><\/section>\n\n<style type=\"text\/css\" data-created_by=\"avia_inline_auto\" id=\"style-css-av-2xgnp-cbe7a3836b5b18d1367d735b96ad55e9\">\n#top .hr.hr-invisible.av-2xgnp-cbe7a3836b5b18d1367d735b96ad55e9{\nheight:5px;\n}\n<\/style>\n<div  class='hr av-2xgnp-cbe7a3836b5b18d1367d735b96ad55e9 hr-invisible  avia-builder-el-10  el_after_av_textblock  el_before_av_heading '><span class='hr-inner '><span class=\"hr-inner-style\"><\/span><\/span><\/div>\n\n<style type=\"text\/css\" data-created_by=\"avia_inline_auto\" id=\"style-css-av-7m1t-596614bd0759e8c10af70c0b8b6e3c3e\">\n#top .av-special-heading.av-7m1t-596614bd0759e8c10af70c0b8b6e3c3e{\npadding-bottom:10px;\n}\nbody .av-special-heading.av-7m1t-596614bd0759e8c10af70c0b8b6e3c3e .av-special-heading-tag .heading-char{\nfont-size:25px;\n}\n.av-special-heading.av-7m1t-596614bd0759e8c10af70c0b8b6e3c3e .av-subheading{\nfont-size:15px;\n}\n<\/style>\n<div  class='av-special-heading av-7m1t-596614bd0759e8c10af70c0b8b6e3c3e av-special-heading-h2  avia-builder-el-11  el_after_av_hr  el_before_av_textblock '><h2 class='av-special-heading-tag '  itemprop=\"headline\"  >Datenschutzerkl\u00e4rung<\/h2><div class=\"special-heading-border\"><div class=\"special-heading-inner-border\"><\/div><\/div><\/div>\n\n<style type=\"text\/css\" data-created_by=\"avia_inline_auto\" id=\"style-css-av-1gwj1-8ed06f9422b67e61c01a07b209f48ddb\">\n#top .av_textblock_section.av-1gwj1-8ed06f9422b67e61c01a07b209f48ddb .avia_textblock{\nfont-size:18px;\n}\n<\/style>\n<section  class='av_textblock_section av-1gwj1-8ed06f9422b67e61c01a07b209f48ddb '   itemscope=\"itemscope\" itemtype=\"https:\/\/schema.org\/CreativeWork\" ><div class='avia_textblock'  itemprop=\"text\" ><p>Zur Anzeige unserer aktuellen Datenschutzerkl\u00e4rung klicken Sie bitte auf folgenden Link:<\/p>\n<p><a href=\"https:\/\/its-austria.at\/?page_id=153\">https:\/\/its-austria.at\/?page_id=153<br \/>\n<\/a><\/p>\n<\/div><\/section>\n\n<style type=\"text\/css\" data-created_by=\"avia_inline_auto\" id=\"style-css-av-y3od-ccc9bbbaa8313ca538d126146d536991\">\n#top .hr.hr-invisible.av-y3od-ccc9bbbaa8313ca538d126146d536991{\nheight:100px;\n}\n<\/style>\n<div  class='hr av-y3od-ccc9bbbaa8313ca538d126146d536991 hr-invisible  avia-builder-el-13  el_after_av_textblock  avia-builder-el-last '><span class='hr-inner '><span class=\"hr-inner-style\"><\/span><\/span><\/div>\n","protected":false},"excerpt":{"rendered":"","protected":false},"author":4,"featured_media":0,"parent":0,"menu_order":0,"comment_status":"closed","ping_status":"closed","template":"","meta":{"_monsterinsights_skip_tracking":false,"_monsterinsights_sitenote_active":false,"_monsterinsights_sitenote_note":"","_monsterinsights_sitenote_category":0,"footnotes":""},"class_list":["post-69","page","type-page","status-publish","hentry"],"_links":{"self":[{"href":"https:\/\/its-austria.at\/index.php?rest_route=\/wp\/v2\/pages\/69","targetHints":{"allow":["GET"]}}],"collection":[{"href":"https:\/\/its-austria.at\/index.php?rest_route=\/wp\/v2\/pages"}],"about":[{"href":"https:\/\/its-austria.at\/index.php?rest_route=\/wp\/v2\/types\/page"}],"author":[{"embeddable":true,"href":"https:\/\/its-austria.at\/index.php?rest_route=\/wp\/v2\/users\/4"}],"replies":[{"embeddable":true,"href":"https:\/\/its-austria.at\/index.php?rest_route=%2Fwp%2Fv2%2Fcomments&post=69"}],"version-history":[{"count":46,"href":"https:\/\/its-austria.at\/index.php?rest_route=\/wp\/v2\/pages\/69\/revisions"}],"predecessor-version":[{"id":255,"href":"https:\/\/its-austria.at\/index.php?rest_route=\/wp\/v2\/pages\/69\/revisions\/255"}],"wp:attachment":[{"href":"https:\/\/its-austria.at\/index.php?rest_route=%2Fwp%2Fv2%2Fmedia&parent=69"}],"curies":[{"name":"wp","href":"https:\/\/api.w.org\/{rel}","templated":true}]}}